{"id":112,"date":"2024-06-12T12:49:58","date_gmt":"2024-06-12T12:49:58","guid":{"rendered":"https:\/\/ifergan-collection.com\/?page_id=112"},"modified":"2024-06-26T13:52:09","modified_gmt":"2024-06-26T13:52:09","slug":"past-exhibition","status":"publish","type":"page","link":"https:\/\/ifergan-collection.com\/es\/past-exhibition\/","title":{"rendered":"Pasadas"},"content":{"rendered":"<div data-elementor-type=\"wp-page\" data-elementor-id=\"112\" class=\"elementor elementor-112\" data-elementor-post-type=\"page\">\n\t\t\t\t<div data-particle_enable=\"false\" data-particle-mobile-disabled=\"false\" class=\"elementor-element elementor-element-f2fa468 e-flex e-con-boxed e-con e-parent\" data-id=\"f2fa468\" data-element_type=\"container\">\n\t\t\t\t\t<div class=\"e-con-inner\">\n\t\t\t\t<div class=\"elementor-element elementor-element-670ad5d elementor-widget elementor-widget-heading\" data-id=\"670ad5d\" data-element_type=\"widget\" data-widget_type=\"heading.default\">\n\t\t\t\t<div class=\"elementor-widget-container\">\n\t\t\t<style>\/*! elementor - v3.21.0 - 26-05-2024 *\/\n.elementor-heading-title{padding:0;margin:0;line-height:1}.elementor-widget-heading .elementor-heading-title[class*=elementor-size-]>a{color:inherit;font-size:inherit;line-height:inherit}.elementor-widget-heading .elementor-heading-title.elementor-size-small{font-size:15px}.elementor-widget-heading .elementor-heading-title.elementor-size-medium{font-size:19px}.elementor-widget-heading .elementor-heading-title.elementor-size-large{font-size:29px}.elementor-widget-heading .elementor-heading-title.elementor-size-xl{font-size:39px}.elementor-widget-heading .elementor-heading-title.elementor-size-xxl{font-size:59px}<\/style><h2 class=\"elementor-heading-title elementor-size-default\">Exposiciones pasadas\n<\/h2>\t\t<\/div>\n\t\t\t\t<\/div>\n\t\t\t\t<div class=\"elementor-element elementor-element-0cda793 elementor-widget elementor-widget-heading\" data-id=\"0cda793\" data-element_type=\"widget\" data-widget_type=\"heading.default\">\n\t\t\t\t<div class=\"elementor-widget-container\">\n\t\t\t<h2 class=\"elementor-heading-title elementor-size-default\">Las culturas mediterr\u00e1neas<\/h2>\t\t<\/div>\n\t\t\t\t<\/div>\n\t\t\t\t<div class=\"elementor-element elementor-element-dca9c91 elementor-widget elementor-widget-heading\" data-id=\"dca9c91\" data-element_type=\"widget\" data-widget_type=\"heading.default\">\n\t\t\t\t<div class=\"elementor-widget-container\">\n\t\t\t<h2 class=\"elementor-heading-title elementor-size-default\">Desde 2018-2020<\/h2>\t\t<\/div>\n\t\t\t\t<\/div>\n\t\t\t\t\t<\/div>\n\t\t\t\t<\/div>\n\t\t<div data-particle_enable=\"false\" data-particle-mobile-disabled=\"false\" class=\"elementor-element elementor-element-9c2fb79 e-flex e-con-boxed e-con e-parent\" data-id=\"9c2fb79\" data-element_type=\"container\">\n\t\t\t\t\t<div class=\"e-con-inner\">\n\t\t\t\t<div class=\"elementor-element elementor-element-0249de3 elementor-widget elementor-widget-text-editor\" data-id=\"0249de3\" data-element_type=\"widget\" data-widget_type=\"text-editor.default\">\n\t\t\t\t<div class=\"elementor-widget-container\">\n\t\t\t<style>\/*! elementor - v3.21.0 - 26-05-2024 *\/\n.elementor-widget-text-editor.elementor-drop-cap-view-stacked .elementor-drop-cap{background-color:#69727d;color:#fff}.elementor-widget-text-editor.elementor-drop-cap-view-framed .elementor-drop-cap{color:#69727d;border:3px solid;background-color:transparent}.elementor-widget-text-editor:not(.elementor-drop-cap-view-default) .elementor-drop-cap{margin-top:8px}.elementor-widget-text-editor:not(.elementor-drop-cap-view-default) .elementor-drop-cap-letter{width:1em;height:1em}.elementor-widget-text-editor .elementor-drop-cap{float:left;text-align:center;line-height:1;font-size:50px}.elementor-widget-text-editor .elementor-drop-cap-letter{display:inline-block}<\/style>\t\t\t\t<p>Esta exposici\u00f3n nos invita a retroceder en el tiempo a trav\u00e9s de la contemplaci\u00f3n de piezas excepcionales desde la m\u00edtica Mesopotamia hasta la aparici\u00f3n del Islam, pasando por Egipto, Grecia, Roma, Persia o Bizancio, incluida una aut\u00e9ntica momia egipcia de la XVIII dinast\u00eda.<\/p><p>\u00a0<\/p>\t\t\t\t\t\t<\/div>\n\t\t\t\t<\/div>\n\t\t\t\t\t<\/div>\n\t\t\t\t<\/div>\n\t\t<div data-particle_enable=\"false\" data-particle-mobile-disabled=\"false\" class=\"elementor-element elementor-element-282bb7f e-flex e-con-boxed e-con e-parent\" data-id=\"282bb7f\" data-element_type=\"container\">\n\t\t\t\t\t<div class=\"e-con-inner\">\n\t\t<div data-particle_enable=\"false\" data-particle-mobile-disabled=\"false\" class=\"elementor-element elementor-element-34a7dd7 e-con-full e-flex e-con e-child\" data-id=\"34a7dd7\" data-element_type=\"container\">\n\t\t\t\t<div class=\"elementor-element elementor-element-ba17e89 elementor-widget elementor-widget-image\" data-id=\"ba17e89\" data-element_type=\"widget\" data-widget_type=\"image.default\">\n\t\t\t\t<div class=\"elementor-widget-container\">\n\t\t\t<style>\/*! elementor - v3.21.0 - 26-05-2024 *\/\n.elementor-widget-image{text-align:center}.elementor-widget-image a{display:inline-block}.elementor-widget-image a img[src$=\".svg\"]{width:48px}.elementor-widget-image img{vertical-align:middle;display:inline-block}<\/style>\t\t\t\t\t\t\t\t\t\t<img fetchpriority=\"high\" decoding=\"async\" width=\"600\" height=\"400\" src=\"https:\/\/ifergan-collection.com\/wp-content\/uploads\/2024\/06\/7-Mesopotamia-1.jpg\" class=\"attachment-medium_large size-medium_large wp-image-210\" alt=\"\" srcset=\"https:\/\/ifergan-collection.com\/wp-content\/uploads\/2024\/06\/7-Mesopotamia-1.jpg 600w, https:\/\/ifergan-collection.com\/wp-content\/uploads\/2024\/06\/7-Mesopotamia-1-300x200.jpg 300w\" sizes=\"(max-width: 600px) 100vw, 600px\" \/>\t\t\t\t\t\t\t\t\t\t\t\t\t<\/div>\n\t\t\t\t<\/div>\n\t\t\t\t<div class=\"elementor-element elementor-element-37cc501 elementor-widget elementor-widget-heading\" data-id=\"37cc501\" data-element_type=\"widget\" data-widget_type=\"heading.default\">\n\t\t\t\t<div class=\"elementor-widget-container\">\n\t\t\t<h2 class=\"elementor-heading-title elementor-size-default\">MESOPOTAMIA<\/h2>\t\t<\/div>\n\t\t\t\t<\/div>\n\t\t\t\t<\/div>\n\t\t<div data-particle_enable=\"false\" data-particle-mobile-disabled=\"false\" class=\"elementor-element elementor-element-9bb2e3b e-con-full e-flex e-con e-child\" data-id=\"9bb2e3b\" data-element_type=\"container\">\n\t\t\t\t<div class=\"elementor-element elementor-element-6eb802f elementor-widget elementor-widget-image\" data-id=\"6eb802f\" data-element_type=\"widget\" data-widget_type=\"image.default\">\n\t\t\t\t<div class=\"elementor-widget-container\">\n\t\t\t\t\t\t\t\t\t\t\t\t\t<img decoding=\"async\" width=\"600\" height=\"400\" src=\"https:\/\/ifergan-collection.com\/wp-content\/uploads\/2024\/06\/8-canaan.jpg\" class=\"attachment-medium_large size-medium_large wp-image-211\" alt=\"\" srcset=\"https:\/\/ifergan-collection.com\/wp-content\/uploads\/2024\/06\/8-canaan.jpg 600w, https:\/\/ifergan-collection.com\/wp-content\/uploads\/2024\/06\/8-canaan-300x200.jpg 300w\" sizes=\"(max-width: 600px) 100vw, 600px\" \/>\t\t\t\t\t\t\t\t\t\t\t\t\t<\/div>\n\t\t\t\t<\/div>\n\t\t\t\t<div class=\"elementor-element elementor-element-6211292 elementor-widget elementor-widget-heading\" data-id=\"6211292\" data-element_type=\"widget\" data-widget_type=\"heading.default\">\n\t\t\t\t<div class=\"elementor-widget-container\">\n\t\t\t<h2 class=\"elementor-heading-title elementor-size-default\">CANA\u00c1N<\/h2>\t\t<\/div>\n\t\t\t\t<\/div>\n\t\t\t\t<\/div>\n\t\t<div data-particle_enable=\"false\" data-particle-mobile-disabled=\"false\" class=\"elementor-element elementor-element-d70493a e-con-full e-flex e-con e-child\" data-id=\"d70493a\" data-element_type=\"container\">\n\t\t\t\t<div class=\"elementor-element elementor-element-d8c8ec3 elementor-widget elementor-widget-image\" data-id=\"d8c8ec3\" data-element_type=\"widget\" data-widget_type=\"image.default\">\n\t\t\t\t<div class=\"elementor-widget-container\">\n\t\t\t\t\t\t\t\t\t\t\t\t\t<img decoding=\"async\" width=\"600\" height=\"400\" src=\"https:\/\/ifergan-collection.com\/wp-content\/uploads\/2024\/06\/9-egipto.jpg\" class=\"attachment-medium_large size-medium_large wp-image-212\" alt=\"\" srcset=\"https:\/\/ifergan-collection.com\/wp-content\/uploads\/2024\/06\/9-egipto.jpg 600w, https:\/\/ifergan-collection.com\/wp-content\/uploads\/2024\/06\/9-egipto-300x200.jpg 300w\" sizes=\"(max-width: 600px) 100vw, 600px\" \/>\t\t\t\t\t\t\t\t\t\t\t\t\t<\/div>\n\t\t\t\t<\/div>\n\t\t\t\t<div class=\"elementor-element elementor-element-c901af8 elementor-widget elementor-widget-heading\" data-id=\"c901af8\" data-element_type=\"widget\" data-widget_type=\"heading.default\">\n\t\t\t\t<div class=\"elementor-widget-container\">\n\t\t\t<h2 class=\"elementor-heading-title elementor-size-default\">EGIPTO<\/h2>\t\t<\/div>\n\t\t\t\t<\/div>\n\t\t\t\t<\/div>\n\t\t<div data-particle_enable=\"false\" data-particle-mobile-disabled=\"false\" class=\"elementor-element elementor-element-01f403e e-con-full e-flex e-con e-child\" data-id=\"01f403e\" data-element_type=\"container\">\n\t\t\t\t<div class=\"elementor-element elementor-element-f988872 elementor-widget elementor-widget-image\" data-id=\"f988872\" data-element_type=\"widget\" data-widget_type=\"image.default\">\n\t\t\t\t<div class=\"elementor-widget-container\">\n\t\t\t\t\t\t\t\t\t\t\t\t\t<img loading=\"lazy\" decoding=\"async\" width=\"600\" height=\"400\" src=\"https:\/\/ifergan-collection.com\/wp-content\/uploads\/2024\/06\/10-egipto.jpg\" class=\"attachment-medium_large size-medium_large wp-image-213\" alt=\"\" srcset=\"https:\/\/ifergan-collection.com\/wp-content\/uploads\/2024\/06\/10-egipto.jpg 600w, https:\/\/ifergan-collection.com\/wp-content\/uploads\/2024\/06\/10-egipto-300x200.jpg 300w\" sizes=\"(max-width: 600px) 100vw, 600px\" \/>\t\t\t\t\t\t\t\t\t\t\t\t\t<\/div>\n\t\t\t\t<\/div>\n\t\t\t\t<div class=\"elementor-element elementor-element-6051cf3 elementor-widget elementor-widget-heading\" data-id=\"6051cf3\" data-element_type=\"widget\" data-widget_type=\"heading.default\">\n\t\t\t\t<div class=\"elementor-widget-container\">\n\t\t\t<h2 class=\"elementor-heading-title elementor-size-default\">GRECIA<\/h2>\t\t<\/div>\n\t\t\t\t<\/div>\n\t\t\t\t<\/div>\n\t\t<div data-particle_enable=\"false\" data-particle-mobile-disabled=\"false\" class=\"elementor-element elementor-element-a45546d e-con-full e-flex e-con e-child\" data-id=\"a45546d\" data-element_type=\"container\">\n\t\t\t\t<div class=\"elementor-element elementor-element-c332e0f elementor-widget elementor-widget-image\" data-id=\"c332e0f\" data-element_type=\"widget\" data-widget_type=\"image.default\">\n\t\t\t\t<div class=\"elementor-widget-container\">\n\t\t\t\t\t\t\t\t\t\t\t\t\t<img loading=\"lazy\" decoding=\"async\" width=\"600\" height=\"400\" src=\"https:\/\/ifergan-collection.com\/wp-content\/uploads\/2024\/06\/11-roma.jpg\" class=\"attachment-medium_large size-medium_large wp-image-214\" alt=\"\" srcset=\"https:\/\/ifergan-collection.com\/wp-content\/uploads\/2024\/06\/11-roma.jpg 600w, https:\/\/ifergan-collection.com\/wp-content\/uploads\/2024\/06\/11-roma-300x200.jpg 300w\" sizes=\"(max-width: 600px) 100vw, 600px\" \/>\t\t\t\t\t\t\t\t\t\t\t\t\t<\/div>\n\t\t\t\t<\/div>\n\t\t\t\t<div class=\"elementor-element elementor-element-c8cf9d5 elementor-widget elementor-widget-heading\" data-id=\"c8cf9d5\" data-element_type=\"widget\" data-widget_type=\"heading.default\">\n\t\t\t\t<div class=\"elementor-widget-container\">\n\t\t\t<h2 class=\"elementor-heading-title elementor-size-default\">ROMA<\/h2>\t\t<\/div>\n\t\t\t\t<\/div>\n\t\t\t\t<\/div>\n\t\t\t\t\t<\/div>\n\t\t\t\t<\/div>\n\t\t<div data-particle_enable=\"false\" data-particle-mobile-disabled=\"false\" class=\"elementor-element elementor-element-6d05d87 e-flex e-con-boxed e-con e-parent\" data-id=\"6d05d87\" data-element_type=\"container\">\n\t\t\t\t\t<div class=\"e-con-inner\">\n\t\t<div data-particle_enable=\"false\" data-particle-mobile-disabled=\"false\" class=\"elementor-element elementor-element-a8d7cc3 e-con-full e-flex e-con e-child\" data-id=\"a8d7cc3\" data-element_type=\"container\">\n\t\t\t\t<div class=\"elementor-element elementor-element-6921ab5 elementor-widget elementor-widget-image\" data-id=\"6921ab5\" data-element_type=\"widget\" data-widget_type=\"image.default\">\n\t\t\t\t<div class=\"elementor-widget-container\">\n\t\t\t\t\t\t\t\t\t\t\t\t\t<img loading=\"lazy\" decoding=\"async\" width=\"600\" height=\"400\" src=\"https:\/\/ifergan-collection.com\/wp-content\/uploads\/2024\/06\/13-reino-saba.jpg\" class=\"attachment-medium_large size-medium_large wp-image-216\" alt=\"\" srcset=\"https:\/\/ifergan-collection.com\/wp-content\/uploads\/2024\/06\/13-reino-saba.jpg 600w, https:\/\/ifergan-collection.com\/wp-content\/uploads\/2024\/06\/13-reino-saba-300x200.jpg 300w\" sizes=\"(max-width: 600px) 100vw, 600px\" \/>\t\t\t\t\t\t\t\t\t\t\t\t\t<\/div>\n\t\t\t\t<\/div>\n\t\t\t\t<div class=\"elementor-element elementor-element-c470180 elementor-widget elementor-widget-heading\" data-id=\"c470180\" data-element_type=\"widget\" data-widget_type=\"heading.default\">\n\t\t\t\t<div class=\"elementor-widget-container\">\n\t\t\t<h2 class=\"elementor-heading-title elementor-size-default\">REINO DE SABA<\/h2>\t\t<\/div>\n\t\t\t\t<\/div>\n\t\t\t\t<\/div>\n\t\t<div data-particle_enable=\"false\" data-particle-mobile-disabled=\"false\" class=\"elementor-element elementor-element-23a9678 e-con-full e-flex e-con e-child\" data-id=\"23a9678\" data-element_type=\"container\">\n\t\t\t\t<div class=\"elementor-element elementor-element-d8b8192 elementor-widget elementor-widget-image\" data-id=\"d8b8192\" data-element_type=\"widget\" data-widget_type=\"image.default\">\n\t\t\t\t<div class=\"elementor-widget-container\">\n\t\t\t\t\t\t\t\t\t\t\t\t\t<img loading=\"lazy\" decoding=\"async\" width=\"600\" height=\"400\" src=\"https:\/\/ifergan-collection.com\/wp-content\/uploads\/2024\/06\/12-valle-indo.jpg\" class=\"attachment-medium_large size-medium_large wp-image-215\" alt=\"\" srcset=\"https:\/\/ifergan-collection.com\/wp-content\/uploads\/2024\/06\/12-valle-indo.jpg 600w, https:\/\/ifergan-collection.com\/wp-content\/uploads\/2024\/06\/12-valle-indo-300x200.jpg 300w\" sizes=\"(max-width: 600px) 100vw, 600px\" \/>\t\t\t\t\t\t\t\t\t\t\t\t\t<\/div>\n\t\t\t\t<\/div>\n\t\t\t\t<div class=\"elementor-element elementor-element-6a90772 elementor-widget elementor-widget-heading\" data-id=\"6a90772\" data-element_type=\"widget\" data-widget_type=\"heading.default\">\n\t\t\t\t<div class=\"elementor-widget-container\">\n\t\t\t<h2 class=\"elementor-heading-title elementor-size-default\">VALLE DEL INDUS<\/h2>\t\t<\/div>\n\t\t\t\t<\/div>\n\t\t\t\t<\/div>\n\t\t<div data-particle_enable=\"false\" data-particle-mobile-disabled=\"false\" class=\"elementor-element elementor-element-2a7ff90 e-con-full e-flex e-con e-child\" data-id=\"2a7ff90\" data-element_type=\"container\">\n\t\t\t\t<div class=\"elementor-element elementor-element-dbf4e86 elementor-widget elementor-widget-image\" data-id=\"dbf4e86\" data-element_type=\"widget\" data-widget_type=\"image.default\">\n\t\t\t\t<div class=\"elementor-widget-container\">\n\t\t\t\t\t\t\t\t\t\t\t\t\t<img loading=\"lazy\" decoding=\"async\" width=\"600\" height=\"400\" src=\"https:\/\/ifergan-collection.com\/wp-content\/uploads\/2024\/06\/14-persia.jpg\" class=\"attachment-medium_large size-medium_large wp-image-217\" alt=\"\" srcset=\"https:\/\/ifergan-collection.com\/wp-content\/uploads\/2024\/06\/14-persia.jpg 600w, https:\/\/ifergan-collection.com\/wp-content\/uploads\/2024\/06\/14-persia-300x200.jpg 300w\" sizes=\"(max-width: 600px) 100vw, 600px\" \/>\t\t\t\t\t\t\t\t\t\t\t\t\t<\/div>\n\t\t\t\t<\/div>\n\t\t\t\t<div class=\"elementor-element elementor-element-34e3338 elementor-widget elementor-widget-heading\" data-id=\"34e3338\" data-element_type=\"widget\" data-widget_type=\"heading.default\">\n\t\t\t\t<div class=\"elementor-widget-container\">\n\t\t\t<h2 class=\"elementor-heading-title elementor-size-default\">PERSIA<\/h2>\t\t<\/div>\n\t\t\t\t<\/div>\n\t\t\t\t<\/div>\n\t\t<div data-particle_enable=\"false\" data-particle-mobile-disabled=\"false\" class=\"elementor-element elementor-element-22a8f79 e-con-full e-flex e-con e-child\" data-id=\"22a8f79\" data-element_type=\"container\">\n\t\t\t\t<div class=\"elementor-element elementor-element-9dbb1f1 elementor-widget elementor-widget-image\" data-id=\"9dbb1f1\" data-element_type=\"widget\" data-widget_type=\"image.default\">\n\t\t\t\t<div class=\"elementor-widget-container\">\n\t\t\t\t\t\t\t\t\t\t\t\t\t<img loading=\"lazy\" decoding=\"async\" width=\"600\" height=\"400\" src=\"https:\/\/ifergan-collection.com\/wp-content\/uploads\/2024\/06\/15-bizancio.jpg\" class=\"attachment-medium_large size-medium_large wp-image-218\" alt=\"\" srcset=\"https:\/\/ifergan-collection.com\/wp-content\/uploads\/2024\/06\/15-bizancio.jpg 600w, https:\/\/ifergan-collection.com\/wp-content\/uploads\/2024\/06\/15-bizancio-300x200.jpg 300w\" sizes=\"(max-width: 600px) 100vw, 600px\" \/>\t\t\t\t\t\t\t\t\t\t\t\t\t<\/div>\n\t\t\t\t<\/div>\n\t\t\t\t<div class=\"elementor-element elementor-element-71ea979 elementor-widget elementor-widget-heading\" data-id=\"71ea979\" data-element_type=\"widget\" data-widget_type=\"heading.default\">\n\t\t\t\t<div class=\"elementor-widget-container\">\n\t\t\t<h2 class=\"elementor-heading-title elementor-size-default\">BIZANCIO<\/h2>\t\t<\/div>\n\t\t\t\t<\/div>\n\t\t\t\t<\/div>\n\t\t<div data-particle_enable=\"false\" data-particle-mobile-disabled=\"false\" class=\"elementor-element elementor-element-526bb37 e-con-full e-flex e-con e-child\" data-id=\"526bb37\" data-element_type=\"container\">\n\t\t\t\t<div class=\"elementor-element elementor-element-80cde34 elementor-widget elementor-widget-image\" data-id=\"80cde34\" data-element_type=\"widget\" data-widget_type=\"image.default\">\n\t\t\t\t<div class=\"elementor-widget-container\">\n\t\t\t\t\t\t\t\t\t\t\t\t\t<img loading=\"lazy\" decoding=\"async\" width=\"600\" height=\"400\" src=\"https:\/\/ifergan-collection.com\/wp-content\/uploads\/2024\/06\/16-islam.jpg\" class=\"attachment-medium_large size-medium_large wp-image-219\" alt=\"\" srcset=\"https:\/\/ifergan-collection.com\/wp-content\/uploads\/2024\/06\/16-islam.jpg 600w, https:\/\/ifergan-collection.com\/wp-content\/uploads\/2024\/06\/16-islam-300x200.jpg 300w\" sizes=\"(max-width: 600px) 100vw, 600px\" \/>\t\t\t\t\t\t\t\t\t\t\t\t\t<\/div>\n\t\t\t\t<\/div>\n\t\t\t\t<div class=\"elementor-element elementor-element-a28d4ce elementor-widget elementor-widget-heading\" data-id=\"a28d4ce\" data-element_type=\"widget\" data-widget_type=\"heading.default\">\n\t\t\t\t<div class=\"elementor-widget-container\">\n\t\t\t<h2 class=\"elementor-heading-title elementor-size-default\">ISLAM<\/h2>\t\t<\/div>\n\t\t\t\t<\/div>\n\t\t\t\t<\/div>\n\t\t\t\t\t<\/div>\n\t\t\t\t<\/div>\n\t\t<div data-particle_enable=\"false\" data-particle-mobile-disabled=\"false\" class=\"elementor-element elementor-element-89da817 e-flex e-con-boxed e-con e-parent\" data-id=\"89da817\" data-element_type=\"container\">\n\t\t\t\t\t<div class=\"e-con-inner\">\n\t\t<div data-particle_enable=\"false\" data-particle-mobile-disabled=\"false\" class=\"elementor-element elementor-element-dfff0b0 e-flex e-con-boxed e-con e-child\" data-id=\"dfff0b0\" data-element_type=\"container\">\n\t\t\t\t\t<div class=\"e-con-inner\">\n\t\t\t\t<div class=\"elementor-element elementor-element-a6d1048 elementor-align-center elementor-widget elementor-widget-button\" data-id=\"a6d1048\" data-element_type=\"widget\" data-widget_type=\"button.default\">\n\t\t\t\t<div class=\"elementor-widget-container\">\n\t\t\t\t\t<div class=\"elementor-button-wrapper\">\n\t\t\t<a class=\"elementor-button elementor-button-link elementor-size-sm\" href=\"https:\/\/ifergan-collection.com\/es\/visit\/\">\n\t\t\t\t\t\t<span class=\"elementor-button-content-wrapper\">\n\t\t\t\t\t\t\t\t\t<span class=\"elementor-button-text\">Visite ahora la colecci\u00f3n<\/span>\n\t\t\t\t\t<\/span>\n\t\t\t\t\t<\/a>\n\t\t<\/div>\n\t\t\t\t<\/div>\n\t\t\t\t<\/div>\n\t\t\t\t\t<\/div>\n\t\t\t\t<\/div>\n\t\t\t\t\t<\/div>\n\t\t\t\t<\/div>\n\t\t\t\t<\/div>","protected":false},"excerpt":{"rendered":"<p>Past Exhibitions The mediterranean cultures From 2018-2020 This exhibition invites us to go back in time through the contemplation of exceptional pieces from mythical Mesopotamia to the appearance of Islam, passing through Egypt, Greece, Rome, Persia or Byzantium, including an authentic Egyptian mummy from the 18th dynasty. \u00a0 MESOPOTAMIA CANAAN EGYPT GREECE ROME KINGDOM OF [&hellip;]<\/p>","protected":false},"author":1,"featured_media":0,"parent":0,"menu_order":0,"comment_status":"closed","ping_status":"closed","template":"elementor_header_footer","meta":{"footnotes":""},"_links":{"self":[{"href":"https:\/\/ifergan-collection.com\/es\/wp-json\/wp\/v2\/pages\/112"}],"collection":[{"href":"https:\/\/ifergan-collection.com\/es\/wp-json\/wp\/v2\/pages"}],"about":[{"href":"https:\/\/ifergan-collection.com\/es\/wp-json\/wp\/v2\/types\/page"}],"author":[{"embeddable":true,"href":"https:\/\/ifergan-collection.com\/es\/wp-json\/wp\/v2\/users\/1"}],"replies":[{"embeddable":true,"href":"https:\/\/ifergan-collection.com\/es\/wp-json\/wp\/v2\/comments?post=112"}],"version-history":[{"count":16,"href":"https:\/\/ifergan-collection.com\/es\/wp-json\/wp\/v2\/pages\/112\/revisions"}],"predecessor-version":[{"id":335,"href":"https:\/\/ifergan-collection.com\/es\/wp-json\/wp\/v2\/pages\/112\/revisions\/335"}],"wp:attachment":[{"href":"https:\/\/ifergan-collection.com\/es\/wp-json\/wp\/v2\/media?parent=112"}],"curies":[{"name":"wp","href":"https:\/\/api.w.org\/{rel}","templated":true}]}}